{"id":42,"date":"2022-06-23T11:44:29","date_gmt":"2022-06-23T11:44:29","guid":{"rendered":"https:\/\/www.tuluzlanzarote.com\/?page_id=42"},"modified":"2022-06-23T11:44:29","modified_gmt":"2022-06-23T11:44:29","slug":"aviso-legal","status":"publish","type":"page","link":"https:\/\/www.tuluzlanzarote.com\/index.php\/aviso-legal\/","title":{"rendered":"Aviso legal"},"content":{"rendered":"<p>[et_pb_section fb_built=\u00bb1&#8243; theme_builder_area=\u00bbpost_content\u00bb _builder_version=\u00bb4.17.4&#8243; _module_preset=\u00bbdefault\u00bb][et_pb_row _builder_version=\u00bb4.17.4&#8243; _module_preset=\u00bbdefault\u00bb theme_builder_area=\u00bbpost_content\u00bb][et_pb_column _builder_version=\u00bb4.17.4&#8243; _module_preset=\u00bbdefault\u00bb type=\u00bb4_4&#8243; theme_builder_area=\u00bbpost_content\u00bb][et_pb_text _builder_version=\u00bb4.17.4&#8243; _module_preset=\u00bbdefault\u00bb theme_builder_area=\u00bbpost_content\u00bb hover_enabled=\u00bb0&#8243; sticky_enabled=\u00bb0&#8243;]<\/p>\n<h2>Aviso legal y condiciones de uso<\/h2>\n<p>Si has llegado a este apartado de mi p\u00e1gina web es porque sin duda te interesa saber m\u00e1s sobre la relaci\u00f3n que podemos tener en este espacio. Es decir, conocer los datos de mi actividad, la finalidad de la web,\u00a0 que informaci\u00f3n de la web utilizo y que hago con tus datos, cuales son los derechos y obligaciones que tenemos ambos y explicarte cuales son mis procedimientos para proteger tus datos personales y mi compromiso de confidencialidad.<\/p>\n<h3>Datos del Responsable.<\/h3>\n<ul>\n<li><strong>Identidad del Responsable:<\/strong>\u00a0Jorge A. Romero Cabrera<\/li>\n<li><strong>Nombre comercial:<\/strong> Tuluz Lanzarote Artesan\u00eda<\/li>\n<li><strong>NIF\/CIF:<\/strong>\u00a045530977Q<\/li>\n<li><strong>Direcci\u00f3n:<\/strong>\u00a0C\/La Degollada, 1, Monta\u00f1a Blanca (Lanzarote \u2013 Las Palmas)<\/li>\n<li><strong>Correo electr\u00f3nico:<\/strong> info@tuluzlanzarote.com<\/li>\n<li><strong>Actividad:<\/strong>\u00a0Comercio y servicios electr\u00f3nicos<\/li>\n<\/ul>\n<p>En este espacio, el usuario, podr\u00e1 encontrar toda la informaci\u00f3n relativa a los t\u00e9rminos y condiciones legales que definen las relaciones entre los usuarios y yo como responsable de esta web. Como usuario, es importante que conozcas estos t\u00e9rminos antes de continuar tu navegaci\u00f3n.<\/p>\n<p><strong>Tuluz Lanzarote Artesan\u00eda<\/strong> (Jorge A. Romero Cabrera) como responsable de esta web, asumo el compromiso de procesar la informaci\u00f3n de mis usuarios y clientes con plenas garant\u00edas y cumplir con los requisitos nacionales y europeos que regulan la recopilaci\u00f3n y uso de los datos personales de mis usuarios.<\/p>\n<p>Esta web, por tanto, cumple rigurosamente con La Ley Org\u00e1nica 3\/2018, de 05 de diciembre, de Protecci\u00f3n de Datos de Car\u00e1cter Personal y Garant\u00eda de los Derechos Digitales (LOPDYGDD). Cumple tambi\u00e9n con el Reglamento (UE) 2016\/679 del Parlamento Europeo y del Consejo de 27 de abril de 2016 relativo a la protecci\u00f3n de las personas f\u00edsicas (RGPD), as\u00ed como con la Ley 34\/2002, de 11 de julio, de Servicios de la Sociedad de la Informaci\u00f3n y Comercio Electr\u00f3nico (LSSICE \u00f3 LSSI).<\/p>\n<h3>Condiciones generales de uso.<\/h3>\n<p>Las presentes Condiciones Generales regulan el uso (incluyendo el mero acceso) de las p\u00e1ginas de web, integrantes del sitio web de <strong>Tuluz Lanzarote Artesan\u00eda<\/strong> incluidos los contenidos y servicios puestos a disposici\u00f3n en ellas. Toda persona que acceda a la web, <a href=\"https:\/\/www.tuluzlanzarote.com\">https:\/\/www.tuluzlanzarote.com<\/a>\u00a0 (\u201cusuario\u201d) acepta someterse a las Condiciones Generales vigentes en cada momento del portal<span> https:\/\/www.tuluzlanzarote.com.<\/span><\/p>\n<p>El USUARIO se compromete a hacer un uso adecuado de los contenidos que ofrece a trav\u00e9s de su web y con car\u00e1cter enunciativo pero no limitativo, a no emplearlos para:<\/p>\n<p>(a) incurrir en actividades il\u00edcitas, ilegales o contrarias a la buena fe y al orden p\u00fablico;\u00a0<\/p>\n<p>(b) difundir contenidos o propaganda de car\u00e1cter racista, xen\u00f3fobo, pornogr\u00e1fico-ilegal, de apolog\u00eda del terrorismo o atentatorio contra los derechos humanos;\u00a0<\/p>\n<p>(c) provocar da\u00f1os en los sistemas f\u00edsicos y l\u00f3gicos de la web, de sus proveedores o de terceras personas, introducir o difundir en la red virus inform\u00e1ticos o cualesquiera otros sistemas f\u00edsicos o l\u00f3gicos que sean susceptibles de provocar los da\u00f1os anteriormente mencionados;\u00a0<\/p>\n<p>(d) intentar acceder y, en su caso, utilizar las cuentas de correo electr\u00f3nico de otros usuarios y modificar o manipular sus mensajes.<\/p>\n<p>El propietario de la web se reserva el derecho de retirar todos aquellos comentarios y aportaciones que vulneren el respeto a la dignidad de la persona, que sean discriminatorios, xen\u00f3fobos, racistas, pornogr\u00e1ficos, que atenten contra la juventud o la infancia, el orden o la seguridad p\u00fablica o que, a su juicio, no resultaran adecuados para su publicaci\u00f3n.<\/p>\n<p>En cualquier caso, el propietario de la web no ser\u00e1 responsable de las opiniones vertidas por los usuarios a trav\u00e9s del blog u otras herramientas de participaci\u00f3n que puedan crearse, conforme a lo previsto en la normativa de aplicaci\u00f3n.<\/p>\n<h3>Datos personales que recabo y c\u00f3mo lo hago.<\/h3>\n<p>Tienes toda la informaci\u00f3n en la\u00a0<a href=\"https:\/\/www.tuluzlanzarote.com\/privacy-policy\/\" target=\"_blank\" rel=\"noreferrer noopener\">Pol\u00edtica de Privacidad<\/a>.<\/p>\n<h3>Compromisos y obligaciones de los usuarios.<\/h3>\n<p>El usuario queda informado, y acepta, que el acceso a la presente web no supone, en modo alguno, el inicio de una relaci\u00f3n comercial con <strong>Tuluz Lanzarote Artesan\u00eda<\/strong>. De esta forma, el usuario se compromete a utilizar el sitio web, sus servicios y contenidos sin contravenir la legislaci\u00f3n vigente, la buena fe y el orden p\u00fablico.<\/p>\n<p>Queda prohibido el uso de la web, con fines il\u00edcitos o lesivos, o que, de cualquier forma, puedan causar perjuicio o impedir el normal funcionamiento del sitio web. Respecto de los contenidos de esta web, se proh\u00edbe:<\/p>\n<ul>\n<li>Su reproducci\u00f3n, distribuci\u00f3n o modificaci\u00f3n, total o parcial, a menos que se cuente con mi autorizaci\u00f3n como leg\u00edtimo titular;<\/li>\n<li>Cualquier vulneraci\u00f3n de los derechos del prestador o de mi como leg\u00edtimo titular;<\/li>\n<li>Su utilizaci\u00f3n para fines comerciales o publicitarios.<\/li>\n<\/ul>\n<p>En la utilizaci\u00f3n de la web,<strong> https:\/\/www.tuluzlanzarote.com<\/strong><span>\u00a0<\/span>el usuario se compromete a no llevar a cabo\u00a0<strong>ninguna conducta<\/strong>\u00a0que pudiera da\u00f1ar la imagen, los intereses y los derechos del propietario de la web o de terceros o que pudiera da\u00f1ar, inutilizar o sobrecargar el portal o que impidiera, de cualquier forma, la normal utilizaci\u00f3n de la web.<\/p>\n<p>No obstante, el usuario debe ser consciente de que las medidas de seguridad de los sistemas inform\u00e1ticos en Internet no son enteramente fiables y que, por tanto<span> <strong>https:\/\/www.tuluzlanzarote.com<\/strong><\/span><span>\u00a0<\/span>no puede garantizar la inexistencia de malware u otros elementos que puedan producir alteraciones en los sistemas inform\u00e1ticos (software y hardware) del usuario o en sus documentos electr\u00f3nicos y ficheros contenidos en los mismos aunque pongo todos los medios necesarios y las medidas de seguridad oportunas para evitar la presencia de estos elementos da\u00f1inos.<\/p>\n<h3>Anuncios patrocinados, enlaces de afiliados y publicidad.<\/h3>\n<p>Esta web ofrece a los usuarios contenidos patrocinados, anuncios y\/o enlaces de afiliados.<\/p>\n<p>Entre los enlaces facilitados, existe la posibilidad de informar y de referenciar productos y\/o servicios y\/o infoproductos. En estos \u00faltimos casos, esa solicitud ser\u00e1 remitida a terceros, como son:<\/p>\n<ul>\n<li>MailerLite,\u00a0<a href=\"https:\/\/www.activecampaign.com\/\"><\/a><a href=\"https:\/\/www.activecampaign.com\/\"><\/a><a href=\"https:\/\/www.activecampaign.com\/\">https:\/\/mailerlite.com<\/a><\/li>\n<li>Sered.net,\u00a0<a href=\"https:\/\/www.sered.net\/\"><\/a><a href=\"https:\/\/www.webempresa.com\/\">https:\/\/www.sered.net<\/a><\/li>\n<li>DIVI,\u00a0elegantthemes.com<\/li>\n<\/ul>\n<p>La informaci\u00f3n que aparezcan en estos enlaces de afiliados o los anuncios insertados, son facilitados por los propios anunciantes, por lo que Jorge A. Romero Cabrera no se hace responsable de posibles inexactitudes o errores que pudieran contener los anuncios, ni garantiza en modo alguno la experiencia, integridad o responsabilidad de los anunciantes o la calidad de sus productos.<\/p>\n<p>Los anuncios permanecer\u00e1n publicados en el portal hasta que sean eliminados o suspendidos por parte del anunciante o de <strong>Tuluz Lanzarote Artesan\u00eda<\/strong>, que l\u00f3gicamente no ser\u00e1 responsable de que, una vez dados de baja en sus bases de datos, los anuncios contin\u00faen siendo indexados en buscadores ajenos a este portal.<\/p>\n<p>Cualquier relaci\u00f3n contractual o extracontractual que el usuario formalice con los anunciantes, afiliados o terceras personas contactadas a trav\u00e9s de este portal se entienden realizados \u00fanica y exclusivamente entre el usuario y el anunciante y\/o tercera persona. El usuario sabe y acepta que<span> <strong>https:\/\/www.tuluzlanzarote.com<\/strong><\/span><a href=\"https:\/\/www.sensei.matrixgenerativa.com\/privacy-policy\/\"><\/a><span>\u00a0<\/span>\u00fanicamente act\u00faa como cauce o medio publicitario y que por tanto no tiene ning\u00fan tipo de responsabilidad sobre los da\u00f1os o perjuicios de cualquier naturaleza ocasionados con motivo de sus negociaciones, conversaciones y\/o relaciones contractuales o extracontractuales con los anunciantes o terceras personas f\u00edsicas o jur\u00eddicas contactadas a trav\u00e9s de este portal.<\/p>\n<h3>Medidas de seguridad.<\/h3>\n<p>Los datos personales comunicados por el usuario pueden ser almacenados en bases de datos automatizadas o no, cuya titularidad corresponde en exclusiva a Jorge A. Romero Cabrera, asumiendo \u00e9sta todas las medidas de \u00edndole t\u00e9cnica, organizativa y de seguridad que garantizan la confidencialidad, integridad y calidad de la informaci\u00f3n contenida en las mismas de acuerdo con lo establecido en la normativa vigente en protecci\u00f3n de datos. La comunicaci\u00f3n entre los usuarios y <strong>https:\/\/www.tuluzlanzarote.com<\/strong><a href=\"https:\/\/www.sensei.matrixgenerativa.com\/privacy-policy\/\"><\/a><span>\u00a0<\/span>utiliza un canal seguro, y los datos transmitidos son cifrados gracias a protocolos a https, por tanto, garantizo las mejores condiciones de seguridad para que la confidencialidad de los usuarios est\u00e9 garantizada.<\/p>\n<h3>Plataforma de resoluci\u00f3n de conflictos.<\/h3>\n<p>Pongo tambi\u00e9n a disposici\u00f3n de los usuarios la plataforma de resoluci\u00f3n de litigios que facilita la Comisi\u00f3n Europea y que se encuentra disponible en el siguiente enlace:\u00a0<a href=\"http:\/\/ec.europa.eu\/consumers\/odr\/\" target=\"_blank\" rel=\"noreferrer noopener\">http:\/\/ec.europa.eu\/consumers\/odr\/<\/a><\/p>\n<h3>Derechos de propiedad intelectual e industrial.<\/h3>\n<p>En virtud de lo dispuesto en los art\u00edculos 8 y 32.1, p\u00e1rrafo segundo, de la Ley de Propiedad Intelectual, quedan expresamente prohibidas la reproducci\u00f3n, la distribuci\u00f3n y la comunicaci\u00f3n p\u00fablica, incluida su modalidad de puesta a disposici\u00f3n, de la totalidad o parte de los contenidos de esta p\u00e1gina web, con fines comerciales, en cualquier soporte y por cualquier medio t\u00e9cnico, sin la autorizaci\u00f3n de <strong>Tuluz Lanzarote Artesan\u00eda<\/strong>. El usuario se compromete a respetar los derechos de Propiedad Intelectual e Industrial titularidad de <strong>Tuluz Lanzarote Artesan\u00eda<\/strong>.<\/p>\n<p>El usuario conoce y acepta que la totalidad del sitio web, conteniendo sin car\u00e1cter exhaustivo el texto, software, contenidos (incluyendo estructura, selecci\u00f3n, ordenaci\u00f3n y presentaci\u00f3n de los mismos) podcast, fotograf\u00edas, material audiovisual y gr\u00e1ficos, est\u00e1 protegida por marcas, derechos de autor y otros derechos leg\u00edtimos, de acuerdo con los tratados internacionales en los que Espa\u00f1a es parte y otros derechos de propiedad y leyes de Espa\u00f1a.<\/p>\n<p>En el caso de que un usuario o un tercero consideren que se ha producido una violaci\u00f3n de sus leg\u00edtimos derechos de propiedad intelectual por la introducci\u00f3n de un determinado contenido en la web, deber\u00e1 notificar dicha circunstancia a <strong>info@tuluzlanzarote.com<\/strong> indicando:<\/p>\n<ul>\n<li>Datos personales del interesado titular de los derechos presuntamente infringidos, o indicar la representaci\u00f3n con la que act\u00faa en caso de que la reclamaci\u00f3n la presente un tercero distinto del interesado.<\/li>\n<li>Se\u00f1alar los contenidos protegidos por los derechos de propiedad intelectual y su ubicaci\u00f3n en la web, la acreditaci\u00f3n de los derechos de propiedad intelectual se\u00f1alados y declaraci\u00f3n expresa en la que el interesado se responsabiliza de la veracidad de las informaciones facilitadas en la notificaci\u00f3n.<\/li>\n<\/ul>\n<h3>Enlaces externos.<\/h3>\n<p>Las p\u00e1ginas de la web <strong>https:\/\/www.tuluzlanzarote.com<\/strong> proporciona enlaces a otros sitios web propios y contenidos que son propiedad de terceros tales como:<\/p>\n<ul>\n<li>Herramientas<\/li>\n<li>Recursos<\/li>\n<li>Contenido de otros blogs<\/li>\n<li>Enlaces de afiliados<\/li>\n<\/ul>\n<h3>Exclusi\u00f3n de garant\u00edas y responsable.<\/h3>\n<p><strong>Jorge A. Romero Cabrera (Tuluz Lanzarote Artesan\u00eda) no otorga ninguna garant\u00eda ni se hace responsable, en ning\u00fan caso, de los da\u00f1os y perjuicios de cualquier naturaleza que pudieran traer causa de:<\/strong><\/p>\n<ul>\n<li>La falta de disponibilidad, mantenimiento y efectivo funcionamiento de la web, o de sus servicios y contenidos;<\/li>\n<li>La existencia de malware, programas maliciosos o lesivos en los contenidos;<\/li>\n<li>El uso il\u00edcito, negligente, fraudulento o contrario a este Aviso Legal;<\/li>\n<li>La falta de licitud, calidad, fiabilidad, utilidad y disponibilidad de los servicios prestados por terceros y puestos a disposici\u00f3n de los usuarios en el sitio web.<\/li>\n<li>El prestador no se hace responsable bajo ning\u00fan concepto de los da\u00f1os que pudieran dimanar del uso ilegal o indebido de la presente p\u00e1gina web.<\/li>\n<\/ul>\n<h3>Ley aplicable y jurisdicci\u00f3n.<\/h3>\n<p>Con car\u00e1cter general las relaciones entre <strong>Tuluz Lanzarote Artesan\u00eda<\/strong> con los usuarios de sus servicios telem\u00e1ticos, presentes en esta web se encuentran sometidas a la legislaci\u00f3n y jurisdicci\u00f3n espa\u00f1olas y a los tribunales de Las Palmas.<\/p>\n<h3>Contacto.<\/h3>\n<p>En caso de que cualquier usuario tuviese alguna duda acerca de estas Condiciones legales o cualquier comentario sobre el portal <strong>https:\/\/www.tuluzlanzarote.com<\/strong>, por favor dir\u00edjase a<strong> info@tuluzlanzarote.com<\/strong><\/p>\n<p>El aviso legal ha sido actualizado por \u00faltima vez el 12\/04\/2021.<\/p>\n<p>[\/et_pb_text][\/et_pb_column][\/et_pb_row][\/et_pb_section]<\/p>\n","protected":false},"excerpt":{"rendered":"<p>Aviso legal y condiciones de uso Si has llegado a este apartado de mi p\u00e1gina web es porque sin duda te interesa saber m\u00e1s sobre la relaci\u00f3n que podemos tener en este espacio. Es decir, conocer los datos de mi actividad, la finalidad de la web,\u00a0 que informaci\u00f3n de la web utilizo y que hago [&hellip;]<\/p>\n","protected":false},"author":1,"featured_media":0,"parent":0,"menu_order":0,"comment_status":"closed","ping_status":"closed","template":"","meta":{"_et_pb_use_builder":"on","_et_pb_old_content":"","_et_gb_content_width":"","footnotes":""},"class_list":["post-42","page","type-page","status-publish","hentry"],"_links":{"self":[{"href":"https:\/\/www.tuluzlanzarote.com\/index.php\/wp-json\/wp\/v2\/pages\/42","targetHints":{"allow":["GET"]}}],"collection":[{"href":"https:\/\/www.tuluzlanzarote.com\/index.php\/wp-json\/wp\/v2\/pages"}],"about":[{"href":"https:\/\/www.tuluzlanzarote.com\/index.php\/wp-json\/wp\/v2\/types\/page"}],"author":[{"embeddable":true,"href":"https:\/\/www.tuluzlanzarote.com\/index.php\/wp-json\/wp\/v2\/users\/1"}],"replies":[{"embeddable":true,"href":"https:\/\/www.tuluzlanzarote.com\/index.php\/wp-json\/wp\/v2\/comments?post=42"}],"version-history":[{"count":2,"href":"https:\/\/www.tuluzlanzarote.com\/index.php\/wp-json\/wp\/v2\/pages\/42\/revisions"}],"predecessor-version":[{"id":45,"href":"https:\/\/www.tuluzlanzarote.com\/index.php\/wp-json\/wp\/v2\/pages\/42\/revisions\/45"}],"wp:attachment":[{"href":"https:\/\/www.tuluzlanzarote.com\/index.php\/wp-json\/wp\/v2\/media?parent=42"}],"curies":[{"name":"wp","href":"https:\/\/api.w.org\/{rel}","templated":true}]}}