{"id":48,"date":"2022-06-23T11:58:44","date_gmt":"2022-06-23T11:58:44","guid":{"rendered":"https:\/\/www.tuluzlanzarote.com\/?page_id=48"},"modified":"2022-06-23T11:59:06","modified_gmt":"2022-06-23T11:59:06","slug":"politica-de-cookies","status":"publish","type":"page","link":"https:\/\/www.tuluzlanzarote.com\/index.php\/politica-de-cookies\/","title":{"rendered":"Pol\u00edtica de cookies"},"content":{"rendered":"<p>[et_pb_section fb_built=\u00bb1&#8243; theme_builder_area=\u00bbpost_content\u00bb _builder_version=\u00bb4.17.4&#8243; _module_preset=\u00bbdefault\u00bb][et_pb_row _builder_version=\u00bb4.17.4&#8243; _module_preset=\u00bbdefault\u00bb theme_builder_area=\u00bbpost_content\u00bb][et_pb_column _builder_version=\u00bb4.17.4&#8243; _module_preset=\u00bbdefault\u00bb type=\u00bb4_4&#8243; theme_builder_area=\u00bbpost_content\u00bb][et_pb_text _builder_version=\u00bb4.17.4&#8243; _module_preset=\u00bbdefault\u00bb theme_builder_area=\u00bbpost_content\u00bb hover_enabled=\u00bb0&#8243; sticky_enabled=\u00bb0&#8243;]<\/p>\n<h1><b>Pol\u00edtica de cookies<\/b><\/h1>\n<p><span>En esta web recopilamos y utilizamos la informaci\u00f3n seg\u00fan indicamos en nuestra pol\u00edtica de privacidad. Una de las formas en las que recopilamos informaci\u00f3n es a trav\u00e9s del uso de la tecnolog\u00eda llamada \u2018Cookies\u2019. En <strong>Tuluz Lanzarote Artesan\u00eda<\/strong>, utilizamos cookies para varias cosas.<\/span><\/p>\n<h2><b>\u00bfQu\u00e9 es una cookie?<\/b><\/h2>\n<p><span>Una \u2018cookie\u2019 es una peque\u00f1a cantidad de texto que se almacena en tu navegador (como Chrome de Google o Safari de Apple) cuando navegas por la mayor\u00eda de los sitios web.<\/span><\/p>\n<h2><b>\u00bfQu\u00e9 NO es una cookie?<\/b><\/h2>\n<p><span>No es un virus, ni un troyano, ni un gusano, ni spam, ni spyware, ni abre ventanas pop-up.<\/span><\/p>\n<h2><b>\u00bfQu\u00e9 informaci\u00f3n almacena una cookie?<\/b><\/h2>\n<p><span>Las cookies no suelen almacenar informaci\u00f3n sensible sobre usted, como tarjetas de cr\u00e9dito o datos bancarios, fotograf\u00edas o informaci\u00f3n personal, etc. Los datos que guardan son de car\u00e1cter t\u00e9cnico, estad\u00edsticos, preferencias personales, personalizaci\u00f3n de contenidos, etc. <\/span><span>El servidor web no le asocia a usted como persona sino a su navegador web. De hecho, si usted navega habitualmente con el navegador Chrome y prueba a navegar por la misma web con el navegador Firefox, ver\u00e1 que la web no se da cuenta que es usted la misma persona porque en realidad est\u00e1 asociando la informaci\u00f3n al navegador, no a la persona. <\/span><span>\u00bfQu\u00e9 tipo de cookies existen?<\/span><\/p>\n<ul>\n<li><b>Cookies t\u00e9cnicas:<\/b><span>\u00a0Son las m\u00e1s elementales y permiten, entre otras cosas, saber cu\u00e1ndo est\u00e1 navegando un humano o una aplicaci\u00f3n automatizada, cu\u00e1ndo navega un usuario an\u00f3nimo y uno registrado, tareas b\u00e1sicas para el funcionamiento de cualquier web din\u00e1mica.<\/span><\/li>\n<li><b>Cookies de an\u00e1lisis:<\/b><span>\u00a0Recogen informaci\u00f3n sobre el tipo de navegaci\u00f3n que est\u00e1 realizando, las secciones que m\u00e1s utiliza, productos consultados, franja horaria de uso, idioma, etc.<\/span><\/li>\n<li><b>Cookies publicitarias:<\/b><span>\u00a0Muestran publicidad en funci\u00f3n de su navegaci\u00f3n, su pa\u00eds de procedencia, idioma, etc.<\/span><span><\/span><\/li>\n<\/ul>\n<p><span><\/span><\/p>\n<h3><strong>No utilizare jam\u00e1s cookies para:<\/strong><\/h3>\n<ul>\n<li>Recoger informaci\u00f3n de identificaci\u00f3n personal (sin su permiso expreso)<\/li>\n<li>Recoger informaci\u00f3n sensible (sin su permiso expreso)<\/li>\n<li>Compartir datos de identificaci\u00f3n personal a terceros<\/li>\n<\/ul>\n<h2><b>\u00bfQu\u00e9 son las cookies propias y las de terceros?<\/b><\/h2>\n<p><span>Las cookies propias son las generadas por la p\u00e1gina que est\u00e1 visitando y las de terceros son las generadas por servicios o proveedores externos como\u00a0 Mailerlite, Facebook, Twitter, Google adsense, etc.<\/span><\/p>\n<h2><b>\u00bfQu\u00e9 cookies utiliza esta web?<\/b><\/h2>\n<p><span>Esta web utiliza cookies propias y de terceros. En este sitio web se utilizan las siguientes cookies que se detallan a continuaci\u00f3n:<\/span><\/p>\n<h2><b>Cookies propias:<\/b><\/h2>\n<p><span>Lista de cookies: <\/span><b>Personalizaci\u00f3n:<\/b><span> Las cookies nos ayudan a recordar con qu\u00e9 personas o sitios web has interactuado, para que podamos mostrarte contenido relacionado.\u00a0<\/span><b>Preferencias:<\/b><span> Las cookies nos permite recordar tus ajustes y preferencias, como el idioma preferido y tu configuraci\u00f3n de privacidad.\u00a0<\/span><b>Seguridad:<\/b><span>\u00a0Utilizamos cookies para evitarte riesgos de seguridad. Principalmente para detectar cu\u00e1ndo alguien est\u00e1 intentando piratear tu cuenta de Matrix Generativa.<\/span><\/p>\n<h2><b>Cookies de terceros<\/b><\/h2>\n<ol start=\"2\">\n<li><strong>Cookies de terceros que utilizamos en esta web y que debes conocer<\/strong><\/li>\n<\/ol>\n<p>Esta web, como la mayor\u00eda de los sitios web, incluye funcionalidades proporcionadas por terceros.<\/p>\n<p>Tambi\u00e9n se ponen a prueba regularmente nuevos dise\u00f1os o servicios de terceros para recomendaciones e informes.\u00a0<\/p>\n<p>Esto puede modificar ocasionalmente la configuraci\u00f3n de cookies y que aparezcan cookies no detalladas en la presente pol\u00edtica. Es importante que sepas que son cookies provisionales que no siempre es posible informar y que solo tienen finalidades de estudio y valoraci\u00f3n. En ning\u00fan caso se van a utilizar cookies que comprometan tu privacidad.<\/p>\n<p>Entre las cookies de terceros m\u00e1s estables est\u00e1n:<\/p>\n<ul>\n<li><strong>Las generadas por servicios de an\u00e1lisis,<\/strong>\u00a0concretamente, Google Analytics para ayudar al website a analizar el uso que hacen los Usuarios del sitio web y mejorar la usabilidad de este, pero en ning\u00fan caso se asocian a datos que pudieran llegar a identificar al usuario.<\/li>\n<\/ul>\n<p>Google Analytics, es un servicio anal\u00edtico de web prestado por Google, Inc., una compa\u00f1\u00eda de Delaware cuya oficina principal est\u00e1 en 1600 Amphitheatre Parkway, Mountain View (California), CA 94043, Estados Unidos (\u201cGoogle\u201d).<\/p>\n<p>El usuario puede consultar\u00a0<a href=\"https:\/\/www.google.es\/intl\/es\/policies\/technologies\/types\/?swcfpc=1\">aqu\u00ed<\/a>\u00a0el tipo de cookies utilizadas por Google. Cookie de Google+ y Google Maps, seg\u00fan lo dispuesto en su p\u00e1gina sobre qu\u00e9\u00a0<a href=\"http:\/\/www.google.com\/intl\/es\/policies\/technologies\/types\/?swcfpc=1\">tipo de cookies utilizan<\/a>.<\/p>\n<ul>\n<li><strong>WordPress:<span> https:\/\/www.tuluzlanzarote.com<\/span><\/strong><span>\u00a0<\/span>es usuaria de\u00a0la plataforma de suministro y alojamiento de blogs\u00a0WordPress, propiedad de la empresa norteamericana Automattic, Inc. A tales efectos, el uso de tales cookies por los sistemas nunca est\u00e1 bajo control o gesti\u00f3n de los responsable de la web, pueden cambiar su funci\u00f3n en cualquier momento, y entrar cookies nuevas.<\/li>\n<\/ul>\n<p>Estas cookies tampoco reportan al responsable de este web beneficio alguno. Automattic, Inc., utiliza adem\u00e1s otras cookies con la finalidad de ayudar a identificar y rastrear a los visitantes de los sitios de WordPress, conocer el uso que hacen del sitio web de Automattic, as\u00ed como sus preferencias de acceso al mismo, tal y como se recoge en el apartado \u201cCookies\u201d de su\u00a0pol\u00edtica de privacidad.<\/p>\n<ul>\n<li><strong>Cookies de redes sociales:<\/strong>\u00a0Las Cookies de redes sociales pueden almacenarse en su navegador mientras navega por<strong> https:\/\/www.tuluzlanzarote.com<\/strong><span>\u00a0<\/span>por ejemplo, cuando utiliza el bot\u00f3n de compartir contenidos de<span> <strong>https:\/\/www.tuluzlanzarote.com<\/strong><\/span><span>\u00a0<\/span>en alguna red social.<\/li>\n<\/ul>\n<p>Las empresas que generan estas cookies correspondientes a las redes sociales que utiliza esta web tienen sus propias pol\u00edticas de cookies:<\/p>\n<ul>\n<li>Facebook:\u00a0<a href=\"https:\/\/www.facebook.com\/help\/323540651073243\/?swcfpc=1\">https:\/\/www.facebook.com\/help\/323540651073243\/<\/a><\/li>\n<li>Twitter:\u00a0<a href=\"https:\/\/twitter.com\/privacy?swcfpc=1\">https:\/\/twitter.com\/privacy<\/a><\/li>\n<li>YouTube: \u00a0https:\/\/policies.google.com\/privacy?hl=es&amp;gl=es<\/li>\n<\/ul>\n<p>Las implicaciones de privacidad estar\u00e1n en funci\u00f3n a cada red social y depender\u00e1n de la configuraci\u00f3n de privacidad que ha elegido en estas redes. En ning\u00fan caso, ni el responsable de esta web ni los anunciantes pueden obtener informaci\u00f3n personal identificable de estas cookies.<\/p>\n<ul>\n<li><strong>Cookies publicitarias y de remarketing:<\/strong>\u00a0En la web usamos p\u00edxeles y cookies para realizar publicidad y remarketing. Entre ellas usamos:<\/li>\n<li>P\u00edxel de Facebook, permite a nuestros usuarios mostrar anuncios dentro de la plataforma de Facebook. Se instala un p\u00edxel de seguimiento que facilitan la colocaci\u00f3n de campa\u00f1as publicitarias. Si quieres conocer m\u00e1s informaci\u00f3n https:\/\/www.facebook.com\/policies\/cookies\/.<\/li>\n<\/ul>\n<p>A continuaci\u00f3n, y seg\u00fan exige el art\u00edculo 22.2 de la LSSI se detallan las\u00a0cookies que pueden instalarse habitualmente durante la navegaci\u00f3n por este sitio web:<\/p>\n<figure class=\"wp-block-table\">\n<table>\n<tbody>\n<tr>\n<td><strong>NOMBRE<\/strong>\u00a0<\/td>\n<td><strong>DURACI\u00d3N<\/strong><\/td>\n<td><strong>FINALIDAD<\/strong><\/td>\n<\/tr>\n<tr>\n<td>Propia: Sesi\u00f3n tve_leads_unique<\/td>\n<td>Caduca al finalizar sesi\u00f3n<\/td>\n<td>Almacenan informaci\u00f3n del usuario y sus sesiones para mejorar la experiencia de usuario<\/td>\n<\/tr>\n<tr>\n<td>Terceros persistente _ga _gid<\/td>\n<td>2 a\u00f1os a partir de la configuraci\u00f3n<\/td>\n<td>Se usa para distinguir a los usuarios. Es una cookie perteneciente a Google Analytics.\u00a0<a href=\"https:\/\/www.google.com\/intl\/es\/policies\/?swcfpc=1\">M\u00e1s informaci\u00f3n<\/a><\/td>\n<\/tr>\n<tr>\n<td>Terceros persistente _gat \u00a0<\/td>\n<td>10 minutos<\/td>\n<td>Se usa para saber el ratio de recarga. Es una cookie perteneciente a Google Analytics.\u00a0<a href=\"https:\/\/www.google.com\/intl\/es\/policies\/?swcfpc=1\">M\u00e1s informaci\u00f3n<\/a><\/td>\n<\/tr>\n<tr>\n<td>Terceros persistente APISID, HSID, NID, SAPISID, SID, SSID<\/td>\n<td>2 a\u00f1os desde su instalaci\u00f3n<\/td>\n<td>Guarda preferencias de usuario y otra informaci\u00f3n de los servicios de Google que tiene el usuario.\u00a0<a href=\"https:\/\/www.google.com\/policies\/privacy\/?swcfpc=1\">M\u00e1s informaci\u00f3n<\/a><\/td>\n<\/tr>\n<tr>\n<td>Propia persistente __cfduid<\/td>\n<td>5 a\u00f1os<\/td>\n<td>La cookie __ cfduid se utiliza para anular las restricciones de seguridad basadas en la direcci\u00f3n IP del visitante est\u00e1 viniendo.\u00a0<a href=\"https:\/\/support.cloudflare.com\/hc\/en-us\/articles\/200170156-What-does-the-CloudFlare-cfduid-cookie-do?swcfpc=1\">M\u00e1s informaci\u00f3n<\/a><\/td>\n<\/tr>\n<tr>\n<td>Propia __smVID<\/td>\n<td>Caduca al finalizar la sesi\u00f3n<\/td>\n<td>Almacena informaci\u00f3n del usuario y sus sesiones para mejorar la experiencia de usuario.<\/td>\n<\/tr>\n<tr>\n<td>_remember_checked_on<\/td>\n<td>Caduca al finalizar la sesi\u00f3n<\/td>\n<td>Cookies con funcionalidades de Twitter.<\/td>\n<\/tr>\n<tr>\n<td>Terceros __stripe_mid<\/td>\n<td>Caduca al finalizar la sesi\u00f3n<\/td>\n<td>Cookie de Stripe .\u00a0<a href=\"https:\/\/stripe.com\/cookies-policy\/legal?swcfpc=1\">M\u00e1s informaci\u00f3n<\/a><\/td>\n<\/tr>\n<tr>\n<td>Terceros persistente Pl, presence<\/td>\n<td>90 d\u00edas<\/td>\n<td>Se utiliza para registrar que un dispositivo o un navegador iniciaron sesi\u00f3n a trav\u00e9s de la plataforma de Facebook.\u00a0<a href=\"https:\/\/www.facebook.com\/policy\/cookies\/printable?swcfpc=1\">M\u00e1s informaci\u00f3n<\/a><\/td>\n<\/tr>\n<tr>\n<td>Terceros persistente fr<\/td>\n<td>90 d\u00edas<\/td>\n<td>Se trata de la cookie de publicidad principal de Facebook. Se utiliza para ofrecer, analizar y mejorar la relevancia de los anuncios.\u00a0<a href=\"https:\/\/www.facebook.com\/policy\/cookies\/printable?swcfpc=1\">M\u00e1s informaci\u00f3n<\/a><\/td>\n<\/tr>\n<tr>\n<td>Terceros persistente sb<\/td>\n<td>2 a\u00f1os desde su instalaci\u00f3n<\/td>\n<td>Cookie de Facebook que identifica al navegador con fines de autenticaci\u00f3n del inicio de sesi\u00f3n.\u00a0<a href=\"https:\/\/www.facebook.com\/policy\/cookies\/printable?swcfpc=1\">M\u00e1s informaci\u00f3n<\/a><\/td>\n<\/tr>\n<tr>\n<td>Terceros persistente c_user<\/td>\n<td>20 d\u00edas desde su instalaci\u00f3n<\/td>\n<td>Se utiliza junto con la cookie xs para autenticar tu identidad en Facebook.\u00a0<a href=\"https:\/\/www.facebook.com\/policy\/cookies\/printable?swcfpc=1\">M\u00e1s informaci\u00f3n<\/a><\/td>\n<\/tr>\n<tr>\n<td>Terceros persistente xs<\/td>\n<td>90 d\u00edas desde su instalaci\u00f3n<\/td>\n<td>Se utiliza junto con la cookie c_user para autenticar tu identidad en Facebook.\u00a0<a href=\"https:\/\/www.facebook.com\/policy\/cookies\/printable?swcfpc=1\">M\u00e1s informaci\u00f3n<\/a><\/td>\n<\/tr>\n<tr>\n<td>Terceros persistente datr<\/td>\n<td>2 a\u00f1os desde su instalaci\u00f3n<\/td>\n<td>De Facebook que identifica a los navegadores con fines de seguridad e integridad del sitio, entre ellos, la recuperaci\u00f3n de cuentas y la identificaci\u00f3n de cuentas que puedan estar en riesgo.\u00a0<a href=\"https:\/\/www.facebook.com\/policy\/cookies\/printable?swcfpc=1\">M\u00e1s informaci\u00f3n<\/a><\/td>\n<\/tr>\n<\/tbody>\n<\/table>\n<\/figure>\n<h2><b>\u00bfSe pueden eliminar las cookies?<\/b><\/h2>\n<p><span>S\u00ed, y no s\u00f3lo eliminar, tambi\u00e9n bloquear, de forma general o particular para un dominio espec\u00edfico. <\/span><span>Para eliminar las cookies de un sitio web debe ir a la configuraci\u00f3n de su navegador y all\u00ed podr\u00e1 buscar las asociadas al dominio en cuesti\u00f3n y proceder a su eliminaci\u00f3n.<\/span><\/p>\n<ul>\n<li><span>Configuraci\u00f3n de cookies para\u00a0<\/span><a href=\"http:\/\/support.google.com\/chrome\/bin\/answer.py?hl=es&amp;answer=95647\"><span>Google Chrome<\/span><\/a><\/li>\n<li><span>Configuraci\u00f3n de cookies para\u00a0<\/span><a href=\"https:\/\/support.apple.com\/es-es\/HT201265\"><span>Apple Safari<\/span><\/a><\/li>\n<li><span>Configuraci\u00f3n de cookies para\u00a0<\/span><a href=\"https:\/\/support.microsoft.com\/en-us\/help\/17442\/windows-internet-explorer-delete-manage-cookies#ie=ie-10\" data-et-has-event-already=\"true\"><span>Internet Explorer<\/span><\/a><\/li>\n<li><span>Configuraci\u00f3n de cookies para\u00a0<\/span><a href=\"https:\/\/support.mozilla.org\/es\/kb\/habilitar-y-deshabilitar-cookies-sitios-web-rastrear-preferencias?redirectlocale=es&amp;redirectslug=habilitar-y-deshabilitar-cookies-que-los-sitios-we\"><span>Mozilla Firefox<\/span><\/a><\/li>\n<\/ul>\n<h2><b>M\u00e1s informaci\u00f3n sobre las cookies<\/b><\/h2>\n<p><span>Puedes consultar el reglamento sobre cookies publicado por la Agencia Espa\u00f1ola de Protecci\u00f3n de Datos en su \u2018Gu\u00eda sobre el uso de las cookies\u2019 y obtener m\u00e1s informaci\u00f3n sobre las cookies en Internet,\u00a0<\/span><a href=\"http:\/\/www.aboutcookies.org\/\"><span>http:\/\/www.aboutcookies.org\/<\/span><\/a><span>Si desea tener un mayor control sobre la instalaci\u00f3n de cookies, puede instalar programas o complementos a su navegador, conocidos como herramientas de \u2018Do Not Track\u2019, que le permitir\u00e1n escoger aquellas cookies que desea permitir.<\/span><\/p>\n<p><span><\/span><\/p>\n<p>As\u00ed son las legalidades, se puede igualmente modificar la configuraci\u00f3n del navegador de forma que rechace todas las cookies o \u00fanicamente las cookies de terceros. Tambi\u00e9n puedes eliminar cualquiera de las cookies que ya se encuentren en tu equipo. Ten en cuenta que tendr\u00e1s que adaptar por separado la configuraci\u00f3n de cada navegador y equipo que utilices.<\/p>\n<p><strong><a href=\"https:\/\/www.bistrodelpuerto.com\/\">https:\/\/www.tuluzlanzarote.com<\/a><\/strong><span>\u00a0<\/span>pone a disposici\u00f3n de los usuarios que quieran impedir la instalaci\u00f3n de las mencionadas cookies, enlaces facilitados al efecto por navegadores cuyo uso se considera m\u00e1s extendido:<\/p>\n<p><a href=\"http:\/\/support.google.com\/chrome\/bin\/answer.py?hl=es-419&amp;answer=95647&amp;swcfpc=1\">Google Chrome<\/a>\u00a0\u2013\u00a0<a href=\"http:\/\/windows.microsoft.com\/es-xl\/internet-explorer\/delete-manage-cookies?swcfpc=1#ie=ie-10\">Internet Explorer<\/a>\u00a0\u2013\u00a0<a href=\"http:\/\/support.mozilla.org\/es\/kb\/habilitar-y-deshabilitar-cookies-que-los-sitios-we?swcfpc=1\">Mozilla Firefox<\/a>\u00a0\u2013\u00a0<a href=\"http:\/\/support.apple.com\/kb\/HT1677?viewlocale=es_ES%20%97%20http:\/\/support.apple.com\/kb\/ph5042&amp;swcfpc=1\">Apple Safari<\/a><\/p>\n<p><strong>Pol\u00edtica revisada en marzo de 2021.<\/strong><\/p>\n<p>[\/et_pb_text][\/et_pb_column][\/et_pb_row][\/et_pb_section]<\/p>\n","protected":false},"excerpt":{"rendered":"<p>Pol\u00edtica de cookies En esta web recopilamos y utilizamos la informaci\u00f3n seg\u00fan indicamos en nuestra pol\u00edtica de privacidad. Una de las formas en las que recopilamos informaci\u00f3n es a trav\u00e9s del uso de la tecnolog\u00eda llamada \u2018Cookies\u2019. En Tuluz Lanzarote Artesan\u00eda, utilizamos cookies para varias cosas. \u00bfQu\u00e9 es una cookie? Una \u2018cookie\u2019 es una peque\u00f1a [&hellip;]<\/p>\n","protected":false},"author":1,"featured_media":0,"parent":0,"menu_order":0,"comment_status":"closed","ping_status":"closed","template":"","meta":{"_et_pb_use_builder":"on","_et_pb_old_content":"","_et_gb_content_width":"","footnotes":""},"class_list":["post-48","page","type-page","status-publish","hentry"],"_links":{"self":[{"href":"https:\/\/www.tuluzlanzarote.com\/index.php\/wp-json\/wp\/v2\/pages\/48","targetHints":{"allow":["GET"]}}],"collection":[{"href":"https:\/\/www.tuluzlanzarote.com\/index.php\/wp-json\/wp\/v2\/pages"}],"about":[{"href":"https:\/\/www.tuluzlanzarote.com\/index.php\/wp-json\/wp\/v2\/types\/page"}],"author":[{"embeddable":true,"href":"https:\/\/www.tuluzlanzarote.com\/index.php\/wp-json\/wp\/v2\/users\/1"}],"replies":[{"embeddable":true,"href":"https:\/\/www.tuluzlanzarote.com\/index.php\/wp-json\/wp\/v2\/comments?post=48"}],"version-history":[{"count":2,"href":"https:\/\/www.tuluzlanzarote.com\/index.php\/wp-json\/wp\/v2\/pages\/48\/revisions"}],"predecessor-version":[{"id":51,"href":"https:\/\/www.tuluzlanzarote.com\/index.php\/wp-json\/wp\/v2\/pages\/48\/revisions\/51"}],"wp:attachment":[{"href":"https:\/\/www.tuluzlanzarote.com\/index.php\/wp-json\/wp\/v2\/media?parent=48"}],"curies":[{"name":"wp","href":"https:\/\/api.w.org\/{rel}","templated":true}]}}